{"id":1463,"date":"2026-02-10T14:32:05","date_gmt":"2026-02-10T13:32:05","guid":{"rendered":"https:\/\/acquasport.it\/vendita-piscine\/?page_id=1463"},"modified":"2026-02-11T14:02:40","modified_gmt":"2026-02-11T13:02:40","slug":"servizi-manutenzione-assistenza","status":"publish","type":"page","link":"https:\/\/acquasport.it\/vendita-piscine\/servizi-manutenzione-assistenza\/","title":{"rendered":"Servizi manutenzione assistenza"},"content":{"rendered":"\t\t<div data-elementor-type=\"wp-page\" data-elementor-id=\"1463\" class=\"elementor elementor-1463\" data-elementor-post-type=\"page\">\n\t\t\t\t<div class=\"elementor-element elementor-element-5f99a23 e-con-full e-flex e-con e-parent\" data-id=\"5f99a23\" data-element_type=\"container\" data-e-type=\"container\">\n\t\t\t\t<div class=\"elementor-element elementor-element-74629de elementor--h-position-center elementor--v-position-middle elementor-arrows-position-inside elementor-pagination-position-inside elementor-widget elementor-widget-slides\" data-id=\"74629de\" data-element_type=\"widget\" data-e-type=\"widget\" data-settings=\"{&quot;navigation&quot;:&quot;both&quot;,&quot;autoplay&quot;:&quot;yes&quot;,&quot;pause_on_hover&quot;:&quot;yes&quot;,&quot;pause_on_interaction&quot;:&quot;yes&quot;,&quot;autoplay_speed&quot;:5000,&quot;infinite&quot;:&quot;yes&quot;,&quot;transition&quot;:&quot;slide&quot;,&quot;transition_speed&quot;:500}\" data-widget_type=\"slides.default\">\n\t\t\t\t\t\t\t\t\t\t<div class=\"elementor-slides-wrapper elementor-main-swiper swiper\" role=\"region\" aria-roledescription=\"carousel\" aria-label=\"Slides\" dir=\"ltr\" data-animation=\"fadeInUp\">\n\t\t\t\t<div class=\"swiper-wrapper elementor-slides\">\n\t\t\t\t\t\t\t\t\t\t<div class=\"elementor-repeater-item-bbfeccc swiper-slide\" role=\"group\" aria-roledescription=\"slide\"><div class=\"swiper-slide-bg elementor-ken-burns elementor-ken-burns--in\" role=\"img\" aria-label=\"\"><\/div><div class=\"swiper-slide-inner\" ><div class=\"swiper-slide-contents\"><div class=\"elementor-slide-heading\">Servizi manutenzione e  assistenza<\/div><\/div><\/div><\/div>\t\t\t\t<\/div>\n\t\t\t\t\t\t\t<\/div>\n\t\t\t\t\t\t\t\t<\/div>\n\t\t\t\t<\/div>\n\t\t<div class=\"elementor-element elementor-element-4974e52 e-flex e-con-boxed e-con e-parent\" data-id=\"4974e52\" data-element_type=\"container\" data-e-type=\"container\">\n\t\t\t\t\t<div class=\"e-con-inner\">\n\t\t<div class=\"elementor-element elementor-element-4f002ab e-con-full e-flex e-con e-child\" data-id=\"4f002ab\" data-element_type=\"container\" data-e-type=\"container\">\n\t\t\t\t<div class=\"elementor-element elementor-element-09030c4 elementor-widget elementor-widget-heading\" data-id=\"09030c4\" data-element_type=\"widget\" data-e-type=\"widget\" data-widget_type=\"heading.default\">\n\t\t\t\t\t<h2 class=\"elementor-heading-title elementor-size-default\">Perugia e Umbria<\/h2>\t\t\t\t<\/div>\n\t\t\t\t<div class=\"elementor-element elementor-element-1c2fb25 elementor-widget elementor-widget-heading\" data-id=\"1c2fb25\" data-element_type=\"widget\" data-e-type=\"widget\" data-widget_type=\"heading.default\">\n\t\t\t\t\t<h2 class=\"elementor-heading-title elementor-size-default\">Servizi manutenzione e assistenza<\/h2>\t\t\t\t<\/div>\n\t\t\t\t<div class=\"elementor-element elementor-element-2916bad elementor-widget elementor-widget-text-editor\" data-id=\"2916bad\" data-element_type=\"widget\" data-e-type=\"widget\" data-widget_type=\"text-editor.default\">\n\t\t\t\t\t\t\t\t\t<p><strong>La piscina oltre che costruita va curata e seguita nel tempo. Piscine Acquasport \u00e8 dotata di personale specializzato nella gestione e manutenzione di piscine, assistenza post-vendita ed interventi straordinari.:<\/strong><\/p><p>La sede si trova a Ponte San giovanni \u2013 Perugia, ma vengono effettuati interventi e servizi di manutenzione piscina in tutta la Regione Umbria; Todi, Citt\u00e0 di Castello, Passignano sul Trasimeno, Tuoro, Gubbio, Norcia, Castel Rigone, Umbertide, Castiglione del Lago, San Gemini, Deruta, Ripabianca, Citt\u00e0 della Pieve, Resina, Ponte Felcino, Marsciano, Tavernelle, Pietrafitta, Villanova ecc. Apertura e chiusura della piscina, passaggi di pulizia, immissione dei prodotti chimici, lavaggio del filtro o semplice controllo dei parametri dell\u2019acqua; viene offerta una vasta gamma di servizi per rendere la gestione della piscina agevole per il cliente, e per valorizzare al massimo le potenzialit\u00e0 della Vostra piscina<\/p>\t\t\t\t\t\t\t\t<\/div>\n\t\t\t\t<div class=\"elementor-element elementor-element-9ad8359 elementor-align-center elementor-widget elementor-widget-button\" data-id=\"9ad8359\" data-element_type=\"widget\" data-e-type=\"widget\" data-widget_type=\"button.default\">\n\t\t\t\t\t\t\t\t\t\t<a class=\"elementor-button elementor-button-link elementor-size-sm\" href=\"https:\/\/acquasport.it\/vendita-piscine\/contatti\/\">\n\t\t\t\t\t\t<span class=\"elementor-button-content-wrapper\">\n\t\t\t\t\t\t<span class=\"elementor-button-icon\">\n\t\t\t\t<svg aria-hidden=\"true\" class=\"e-font-icon-svg e-fas-info-circle\" viewBox=\"0 0 512 512\" xmlns=\"http:\/\/www.w3.org\/2000\/svg\"><path d=\"M256 8C119.043 8 8 119.083 8 256c0 136.997 111.043 248 248 248s248-111.003 248-248C504 119.083 392.957 8 256 8zm0 110c23.196 0 42 18.804 42 42s-18.804 42-42 42-42-18.804-42-42 18.804-42 42-42zm56 254c0 6.627-5.373 12-12 12h-88c-6.627 0-12-5.373-12-12v-24c0-6.627 5.373-12 12-12h12v-64h-12c-6.627 0-12-5.373-12-12v-24c0-6.627 5.373-12 12-12h64c6.627 0 12 5.373 12 12v100h12c6.627 0 12 5.373 12 12v24z\"><\/path><\/svg>\t\t\t<\/span>\n\t\t\t\t\t\t\t\t\t<span class=\"elementor-button-text\">Ulteriori informazioni <\/span>\n\t\t\t\t\t<\/span>\n\t\t\t\t\t<\/a>\n\t\t\t\t\t\t\t\t<\/div>\n\t\t\t\t<\/div>\n\t\t<div class=\"elementor-element elementor-element-da261bb e-con-full e-flex e-con e-child\" data-id=\"da261bb\" data-element_type=\"container\" data-e-type=\"container\">\n\t\t\t\t<div class=\"elementor-element elementor-element-5aff125 elementor-widget elementor-widget-image\" data-id=\"5aff125\" data-element_type=\"widget\" data-e-type=\"widget\" data-widget_type=\"image.default\">\n\t\t\t\t\t\t\t\t\t\t\t\t\t\t\t\t<a href=\"https:\/\/acquasport.it\/vendita-piscine\/wp-content\/uploads\/2026\/02\/o_1b0kpfovea2919641m1m2hg157m18.jpg\" data-elementor-open-lightbox=\"yes\" data-e-action-hash=\"#elementor-action%3Aaction%3Dlightbox%26settings%3DeyJpZCI6MTQ2OCwidXJsIjoiaHR0cHM6XC9cL2FjcXVhc3BvcnQuaXRcL3ZlbmRpdGEtcGlzY2luZVwvd3AtY29udGVudFwvdXBsb2Fkc1wvMjAyNlwvMDJcL29fMWIwa3Bmb3ZlYTI5MTk2NDFtMW0yaGcxNTdtMTguanBnIn0%3D\">\n\t\t\t\t\t\t\t<img fetchpriority=\"high\" decoding=\"async\" width=\"800\" height=\"600\" src=\"https:\/\/acquasport.it\/vendita-piscine\/wp-content\/uploads\/2026\/02\/o_1b0kpfovea2919641m1m2hg157m18.jpg\" class=\"attachment-full size-full wp-image-1468\" alt=\"\" srcset=\"https:\/\/acquasport.it\/vendita-piscine\/wp-content\/uploads\/2026\/02\/o_1b0kpfovea2919641m1m2hg157m18.jpg 800w, https:\/\/acquasport.it\/vendita-piscine\/wp-content\/uploads\/2026\/02\/o_1b0kpfovea2919641m1m2hg157m18-300x225.jpg 300w, https:\/\/acquasport.it\/vendita-piscine\/wp-content\/uploads\/2026\/02\/o_1b0kpfovea2919641m1m2hg157m18-768x576.jpg 768w\" sizes=\"(max-width: 800px) 100vw, 800px\" \/>\t\t\t\t\t\t\t\t<\/a>\n\t\t\t\t\t\t\t\t\t\t\t\t\t\t\t<\/div>\n\t\t\t\t<\/div>\n\t\t\t\t\t<\/div>\n\t\t\t\t<\/div>\n\t\t<div class=\"elementor-element elementor-element-2ac56f1 e-flex e-con-boxed e-con e-parent\" data-id=\"2ac56f1\" data-element_type=\"container\" data-e-type=\"container\">\n\t\t\t\t\t<div class=\"e-con-inner\">\n\t\t<div class=\"elementor-element elementor-element-2628877 e-con-full e-flex e-con e-child\" data-id=\"2628877\" data-element_type=\"container\" data-e-type=\"container\">\n\t\t\t\t<div class=\"elementor-element elementor-element-bb4fcba elementor-widget elementor-widget-image\" data-id=\"bb4fcba\" data-element_type=\"widget\" data-e-type=\"widget\" data-widget_type=\"image.default\">\n\t\t\t\t\t\t\t\t\t\t\t\t\t\t\t<img decoding=\"async\" width=\"1024\" height=\"765\" src=\"https:\/\/acquasport.it\/vendita-piscine\/wp-content\/uploads\/2026\/02\/o_1b1mqad2i135jn4tnvg6o31mrap-1024x765-1.jpg\" class=\"attachment-full size-full wp-image-1472\" alt=\"\" srcset=\"https:\/\/acquasport.it\/vendita-piscine\/wp-content\/uploads\/2026\/02\/o_1b1mqad2i135jn4tnvg6o31mrap-1024x765-1.jpg 1024w, https:\/\/acquasport.it\/vendita-piscine\/wp-content\/uploads\/2026\/02\/o_1b1mqad2i135jn4tnvg6o31mrap-1024x765-1-300x224.jpg 300w, https:\/\/acquasport.it\/vendita-piscine\/wp-content\/uploads\/2026\/02\/o_1b1mqad2i135jn4tnvg6o31mrap-1024x765-1-768x574.jpg 768w\" sizes=\"(max-width: 1024px) 100vw, 1024px\" \/>\t\t\t\t\t\t\t\t\t\t\t\t\t\t\t<\/div>\n\t\t\t\t<\/div>\n\t\t<div class=\"elementor-element elementor-element-6e141aa e-con-full e-flex e-con e-child\" data-id=\"6e141aa\" data-element_type=\"container\" data-e-type=\"container\">\n\t\t\t\t<div class=\"elementor-element elementor-element-478d706 elementor-widget elementor-widget-heading\" data-id=\"478d706\" data-element_type=\"widget\" data-e-type=\"widget\" data-widget_type=\"heading.default\">\n\t\t\t\t\t<h2 class=\"elementor-heading-title elementor-size-default\">Piscine Acquasport Service srl risveglia e mette a dormire le Vostre piscine!<\/h2>\t\t\t\t<\/div>\n\t\t\t\t<div class=\"elementor-element elementor-element-5eacf04 elementor-widget elementor-widget-heading\" data-id=\"5eacf04\" data-element_type=\"widget\" data-e-type=\"widget\" data-widget_type=\"heading.default\">\n\t\t\t\t\t<h2 class=\"elementor-heading-title elementor-size-default\">Personale sempre a Vostra disposizione<\/h2>\t\t\t\t<\/div>\n\t\t\t\t<div class=\"elementor-element elementor-element-3cd8c23 elementor-widget elementor-widget-text-editor\" data-id=\"3cd8c23\" data-element_type=\"widget\" data-e-type=\"widget\" data-widget_type=\"text-editor.default\">\n\t\t\t\t\t\t\t\t\t<p>Nel corso della stagione di apertura delle piscine Acquasport si occupa di rimuove la copertura invernale, riavviare l\u2019impianto di filtrazione, pulire la vasca e verificare i parametri chimici dell\u2019acqua.<br \/>Su richiesta del cliente l\u2019operazione di pulizia pu\u00f2 essere ripetuta con la cadenza desiderata.<br \/>Durante la stagione di utilizzo della piscina il personale Acquasport \u00e8 a disposizione dei clienti per risolvere problemi o perplessit\u00e0, e per indirizzarli verso le scelte pi\u00f9 adatte alle proprie necessit\u00e0.<br \/>A fine stagione Acquasport provvede a chiudere la piscina, rimettere la copertura invernale e trattare chimicamente l\u2019acqua preparandola al meglio per l\u2019inverno e per la riapertura successiva.<\/p>\t\t\t\t\t\t\t\t<\/div>\n\t\t\t\t<div class=\"elementor-element elementor-element-fe3991f elementor-align-center elementor-widget elementor-widget-button\" data-id=\"fe3991f\" data-element_type=\"widget\" data-e-type=\"widget\" data-widget_type=\"button.default\">\n\t\t\t\t\t\t\t\t\t\t<a class=\"elementor-button elementor-button-link elementor-size-sm\" href=\"https:\/\/acquasport.it\/vendita-piscine\/contatti\/\">\n\t\t\t\t\t\t<span class=\"elementor-button-content-wrapper\">\n\t\t\t\t\t\t<span class=\"elementor-button-icon\">\n\t\t\t\t<svg aria-hidden=\"true\" class=\"e-font-icon-svg e-fas-info-circle\" viewBox=\"0 0 512 512\" xmlns=\"http:\/\/www.w3.org\/2000\/svg\"><path d=\"M256 8C119.043 8 8 119.083 8 256c0 136.997 111.043 248 248 248s248-111.003 248-248C504 119.083 392.957 8 256 8zm0 110c23.196 0 42 18.804 42 42s-18.804 42-42 42-42-18.804-42-42 18.804-42 42-42zm56 254c0 6.627-5.373 12-12 12h-88c-6.627 0-12-5.373-12-12v-24c0-6.627 5.373-12 12-12h12v-64h-12c-6.627 0-12-5.373-12-12v-24c0-6.627 5.373-12 12-12h64c6.627 0 12 5.373 12 12v100h12c6.627 0 12 5.373 12 12v24z\"><\/path><\/svg>\t\t\t<\/span>\n\t\t\t\t\t\t\t\t\t<span class=\"elementor-button-text\">Ulteriori informazioni <\/span>\n\t\t\t\t\t<\/span>\n\t\t\t\t\t<\/a>\n\t\t\t\t\t\t\t\t<\/div>\n\t\t\t\t<\/div>\n\t\t\t\t\t<\/div>\n\t\t\t\t<\/div>\n\t\t\t\t<\/div>\n\t\t","protected":false},"excerpt":{"rendered":"<p>Servizi manutenzione e assistenza Perugia e Umbria Servizi manutenzione e assistenza La piscina oltre che costruita va curata e seguita nel tempo. Piscine Acquasport \u00e8 dotata di personale specializzato nella gestione e manutenzione di piscine, assistenza post-vendita ed interventi straordinari.: La sede si trova a Ponte San giovanni \u2013 Perugia, ma vengono effettuati interventi e [&hellip;]<\/p>\n","protected":false},"author":1,"featured_media":0,"parent":0,"menu_order":0,"comment_status":"closed","ping_status":"closed","template":"elementor_header_footer","meta":{"footnotes":""},"class_list":["post-1463","page","type-page","status-publish","hentry"],"_links":{"self":[{"href":"https:\/\/acquasport.it\/vendita-piscine\/wp-json\/wp\/v2\/pages\/1463","targetHints":{"allow":["GET"]}}],"collection":[{"href":"https:\/\/acquasport.it\/vendita-piscine\/wp-json\/wp\/v2\/pages"}],"about":[{"href":"https:\/\/acquasport.it\/vendita-piscine\/wp-json\/wp\/v2\/types\/page"}],"author":[{"embeddable":true,"href":"https:\/\/acquasport.it\/vendita-piscine\/wp-json\/wp\/v2\/users\/1"}],"replies":[{"embeddable":true,"href":"https:\/\/acquasport.it\/vendita-piscine\/wp-json\/wp\/v2\/comments?post=1463"}],"version-history":[{"count":16,"href":"https:\/\/acquasport.it\/vendita-piscine\/wp-json\/wp\/v2\/pages\/1463\/revisions"}],"predecessor-version":[{"id":1876,"href":"https:\/\/acquasport.it\/vendita-piscine\/wp-json\/wp\/v2\/pages\/1463\/revisions\/1876"}],"wp:attachment":[{"href":"https:\/\/acquasport.it\/vendita-piscine\/wp-json\/wp\/v2\/media?parent=1463"}],"curies":[{"name":"wp","href":"https:\/\/api.w.org\/{rel}","templated":true}]}}