{"id":1554,"date":"2026-02-10T15:27:31","date_gmt":"2026-02-10T14:27:31","guid":{"rendered":"https:\/\/acquasport.it\/vendita-piscine\/?page_id=1554"},"modified":"2026-02-11T14:23:33","modified_gmt":"2026-02-11T13:23:33","slug":"piscina-prefabbricata-in-pannelli-di-acciaio","status":"publish","type":"page","link":"https:\/\/acquasport.it\/vendita-piscine\/piscina-prefabbricata-in-pannelli-di-acciaio\/","title":{"rendered":"Piscina prefabbricata in pannelli di acciaio"},"content":{"rendered":"\t\t<div data-elementor-type=\"wp-page\" data-elementor-id=\"1554\" class=\"elementor elementor-1554\" data-elementor-post-type=\"page\">\n\t\t\t\t<div class=\"elementor-element elementor-element-5f99a23 e-con-full e-flex e-con e-parent\" data-id=\"5f99a23\" data-element_type=\"container\" data-e-type=\"container\">\n\t\t\t\t<div class=\"elementor-element elementor-element-74629de elementor--h-position-center elementor--v-position-middle elementor-arrows-position-inside elementor-pagination-position-inside elementor-widget elementor-widget-slides\" data-id=\"74629de\" data-element_type=\"widget\" data-e-type=\"widget\" data-settings=\"{&quot;navigation&quot;:&quot;both&quot;,&quot;autoplay&quot;:&quot;yes&quot;,&quot;pause_on_hover&quot;:&quot;yes&quot;,&quot;pause_on_interaction&quot;:&quot;yes&quot;,&quot;autoplay_speed&quot;:5000,&quot;infinite&quot;:&quot;yes&quot;,&quot;transition&quot;:&quot;slide&quot;,&quot;transition_speed&quot;:500}\" data-widget_type=\"slides.default\">\n\t\t\t\t\t\t\t\t\t\t<div class=\"elementor-slides-wrapper elementor-main-swiper swiper\" role=\"region\" aria-roledescription=\"carousel\" aria-label=\"Slides\" dir=\"ltr\" data-animation=\"fadeInUp\">\n\t\t\t\t<div class=\"swiper-wrapper elementor-slides\">\n\t\t\t\t\t\t\t\t\t\t<div class=\"elementor-repeater-item-bbfeccc swiper-slide\" role=\"group\" aria-roledescription=\"slide\"><div class=\"swiper-slide-bg elementor-ken-burns elementor-ken-burns--in\" role=\"img\" aria-label=\"\"><\/div><div class=\"swiper-slide-inner\" ><div class=\"swiper-slide-contents\"><div class=\"elementor-slide-heading\">Piscina prefabbricata in pannelli di acciaio<\/div><\/div><\/div><\/div>\t\t\t\t<\/div>\n\t\t\t\t\t\t\t<\/div>\n\t\t\t\t\t\t\t\t<\/div>\n\t\t\t\t<\/div>\n\t\t<div class=\"elementor-element elementor-element-4974e52 e-flex e-con-boxed e-con e-parent\" data-id=\"4974e52\" data-element_type=\"container\" data-e-type=\"container\">\n\t\t\t\t\t<div class=\"e-con-inner\">\n\t\t<div class=\"elementor-element elementor-element-4f002ab e-con-full e-flex e-con e-child\" data-id=\"4f002ab\" data-element_type=\"container\" data-e-type=\"container\">\n\t\t\t\t<div class=\"elementor-element elementor-element-09030c4 elementor-widget elementor-widget-heading\" data-id=\"09030c4\" data-element_type=\"widget\" data-e-type=\"widget\" data-widget_type=\"heading.default\">\n\t\t\t\t\t<h2 class=\"elementor-heading-title elementor-size-default\">Costruzione piscine a Perugia e centro Italia<\/h2>\t\t\t\t<\/div>\n\t\t\t\t<div class=\"elementor-element elementor-element-1c2fb25 elementor-widget elementor-widget-heading\" data-id=\"1c2fb25\" data-element_type=\"widget\" data-e-type=\"widget\" data-widget_type=\"heading.default\">\n\t\t\t\t\t<h2 class=\"elementor-heading-title elementor-size-default\">Piscina prefabbricata in pannelli di acciaio<\/h2>\t\t\t\t<\/div>\n\t\t\t\t<div class=\"elementor-element elementor-element-2916bad elementor-widget elementor-widget-text-editor\" data-id=\"2916bad\" data-element_type=\"widget\" data-e-type=\"widget\" data-widget_type=\"text-editor.default\">\n\t\t\t\t\t\t\t\t\t<p><strong>Ottimo rapporto qualit\u00e0 &#8211; prezzo:<\/strong><br \/>La piscina in pannelli di acciaio \u00e8 una soluzione che unisce la solidit\u00e0 del cemento armato alla versatilit\u00e0 del prefabbricato.<br \/>Gli elementi modulari in acciaio galvanizzato vengono utilizzati per formare le pareti laterali, mentre il fondo viene realizzato con un getto di calcestruzzo armato di rete elettrosaldata.<br \/>Successivamente vengono inseriti fari, bocchette, skimmer, e tutti gli accessori richiesti. Si compone l\u2019impianto di filtrazione, i collegamenti idraulici necessari, ed infine la struttura viene rivestita ed impermeabilizzata con il telo in pvc armato con trevira. Velocit\u00e0 leggerezza ed elasticit\u00e0.<br \/>E\u2019 possibile realizzare con questa tecnologia piscine di qualsiasi forma e dimensione, e soprattutto possono essere personalizzate con scale e panche in muratura, penisole idromassaggio, trampolini, illuminazione e zona tuffi.<br \/>Il desiderio di avere una piscina pu\u00f2 essere soddisfatto da un ottimo rapporto qualit\u00e0-prezzo e da tempi di costruzione solitamente contenuti. Piscine Acquasport ha collaudato nel tempo questo tipo di costruzione, e ne ha constatato l\u2019affidabilit\u00e0, e la capacit\u00e0 di adattarsi a situazioni diversissime.<\/p>\t\t\t\t\t\t\t\t<\/div>\n\t\t\t\t<div class=\"elementor-element elementor-element-9ad8359 elementor-align-center elementor-widget elementor-widget-button\" data-id=\"9ad8359\" data-element_type=\"widget\" data-e-type=\"widget\" data-widget_type=\"button.default\">\n\t\t\t\t\t\t\t\t\t\t<a class=\"elementor-button elementor-button-link elementor-size-sm\" href=\"https:\/\/acquasport.it\/vendita-piscine\/contatti\/\">\n\t\t\t\t\t\t<span class=\"elementor-button-content-wrapper\">\n\t\t\t\t\t\t<span class=\"elementor-button-icon\">\n\t\t\t\t<svg aria-hidden=\"true\" class=\"e-font-icon-svg e-fas-info-circle\" viewBox=\"0 0 512 512\" xmlns=\"http:\/\/www.w3.org\/2000\/svg\"><path d=\"M256 8C119.043 8 8 119.083 8 256c0 136.997 111.043 248 248 248s248-111.003 248-248C504 119.083 392.957 8 256 8zm0 110c23.196 0 42 18.804 42 42s-18.804 42-42 42-42-18.804-42-42 18.804-42 42-42zm56 254c0 6.627-5.373 12-12 12h-88c-6.627 0-12-5.373-12-12v-24c0-6.627 5.373-12 12-12h12v-64h-12c-6.627 0-12-5.373-12-12v-24c0-6.627 5.373-12 12-12h64c6.627 0 12 5.373 12 12v100h12c6.627 0 12 5.373 12 12v24z\"><\/path><\/svg>\t\t\t<\/span>\n\t\t\t\t\t\t\t\t\t<span class=\"elementor-button-text\">Ulteriori informazioni <\/span>\n\t\t\t\t\t<\/span>\n\t\t\t\t\t<\/a>\n\t\t\t\t\t\t\t\t<\/div>\n\t\t\t\t<\/div>\n\t\t<div class=\"elementor-element elementor-element-da261bb e-con-full e-flex e-con e-child\" data-id=\"da261bb\" data-element_type=\"container\" data-e-type=\"container\">\n\t\t\t\t<div class=\"elementor-element elementor-element-5aff125 elementor-widget elementor-widget-image\" data-id=\"5aff125\" data-element_type=\"widget\" data-e-type=\"widget\" data-widget_type=\"image.default\">\n\t\t\t\t\t\t\t\t\t\t\t\t\t\t\t\t<a href=\"https:\/\/acquasport.it\/vendita-piscine\/wp-content\/uploads\/2026\/02\/piscina-prefabbricata-300x300-1.jpg\" data-elementor-open-lightbox=\"yes\" data-e-action-hash=\"#elementor-action%3Aaction%3Dlightbox%26settings%3DeyJpZCI6MTU0NSwidXJsIjoiaHR0cHM6XC9cL2FjcXVhc3BvcnQuaXRcL3ZlbmRpdGEtcGlzY2luZVwvd3AtY29udGVudFwvdXBsb2Fkc1wvMjAyNlwvMDJcL3Bpc2NpbmEtcHJlZmFiYnJpY2F0YS0zMDB4MzAwLTEuanBnIn0%3D\">\n\t\t\t\t\t\t\t<img fetchpriority=\"high\" decoding=\"async\" width=\"300\" height=\"300\" src=\"https:\/\/acquasport.it\/vendita-piscine\/wp-content\/uploads\/2026\/02\/piscina-prefabbricata-300x300-1.jpg\" class=\"attachment-full size-full wp-image-1545\" alt=\"\" srcset=\"https:\/\/acquasport.it\/vendita-piscine\/wp-content\/uploads\/2026\/02\/piscina-prefabbricata-300x300-1.jpg 300w, https:\/\/acquasport.it\/vendita-piscine\/wp-content\/uploads\/2026\/02\/piscina-prefabbricata-300x300-1-150x150.jpg 150w\" sizes=\"(max-width: 300px) 100vw, 300px\" \/>\t\t\t\t\t\t\t\t<\/a>\n\t\t\t\t\t\t\t\t\t\t\t\t\t\t\t<\/div>\n\t\t\t\t<\/div>\n\t\t\t\t\t<\/div>\n\t\t\t\t<\/div>\n\t\t<div class=\"elementor-element elementor-element-2ac56f1 e-flex e-con-boxed e-con e-parent\" data-id=\"2ac56f1\" data-element_type=\"container\" data-e-type=\"container\">\n\t\t\t\t\t<div class=\"e-con-inner\">\n\t\t<div class=\"elementor-element elementor-element-2628877 e-con-full e-flex e-con e-child\" data-id=\"2628877\" data-element_type=\"container\" data-e-type=\"container\">\n\t\t\t\t<div class=\"elementor-element elementor-element-75f4ad5 elementor-widget elementor-widget-gallery\" data-id=\"75f4ad5\" data-element_type=\"widget\" data-e-type=\"widget\" data-settings=\"{&quot;columns&quot;:3,&quot;lazyload&quot;:&quot;yes&quot;,&quot;gallery_layout&quot;:&quot;grid&quot;,&quot;columns_tablet&quot;:2,&quot;columns_mobile&quot;:1,&quot;gap&quot;:{&quot;unit&quot;:&quot;px&quot;,&quot;size&quot;:10,&quot;sizes&quot;:[]},&quot;gap_tablet&quot;:{&quot;unit&quot;:&quot;px&quot;,&quot;size&quot;:10,&quot;sizes&quot;:[]},&quot;gap_mobile&quot;:{&quot;unit&quot;:&quot;px&quot;,&quot;size&quot;:10,&quot;sizes&quot;:[]},&quot;link_to&quot;:&quot;file&quot;,&quot;aspect_ratio&quot;:&quot;3:2&quot;,&quot;overlay_background&quot;:&quot;yes&quot;,&quot;content_hover_animation&quot;:&quot;fade-in&quot;}\" data-widget_type=\"gallery.default\">\n\t\t\t\t\t\t\t<div class=\"elementor-gallery__container\">\n\t\t\t\t\t\t\t<a class=\"e-gallery-item elementor-gallery-item elementor-animated-content\" href=\"https:\/\/acquasport.it\/vendita-piscine\/wp-content\/uploads\/2026\/02\/pannello-1024x711-1.jpg\" data-elementor-open-lightbox=\"yes\" data-elementor-lightbox-slideshow=\"75f4ad5\" data-e-action-hash=\"#elementor-action%3Aaction%3Dlightbox%26settings%3DeyJpZCI6MTU1OSwidXJsIjoiaHR0cHM6XC9cL2FjcXVhc3BvcnQuaXRcL3ZlbmRpdGEtcGlzY2luZVwvd3AtY29udGVudFwvdXBsb2Fkc1wvMjAyNlwvMDJcL3Bhbm5lbGxvLTEwMjR4NzExLTEuanBnIiwic2xpZGVzaG93IjoiNzVmNGFkNSJ9\">\n\t\t\t\t\t<div class=\"e-gallery-image elementor-gallery-item__image\" data-thumbnail=\"https:\/\/acquasport.it\/vendita-piscine\/wp-content\/uploads\/2026\/02\/pannello-1024x711-1.jpg\" data-width=\"1024\" data-height=\"711\" aria-label=\"\" role=\"img\" ><\/div>\n\t\t\t\t\t\t\t\t\t\t\t<div class=\"elementor-gallery-item__overlay\"><\/div>\n\t\t\t\t\t\t\t\t\t\t\t\t\t\t<\/a>\n\t\t\t\t\t\t\t<a class=\"e-gallery-item elementor-gallery-item elementor-animated-content\" href=\"https:\/\/acquasport.it\/vendita-piscine\/wp-content\/uploads\/2026\/02\/PALLOCCA2-1024x768-1.jpg\" data-elementor-open-lightbox=\"yes\" data-elementor-lightbox-slideshow=\"75f4ad5\" data-e-action-hash=\"#elementor-action%3Aaction%3Dlightbox%26settings%3DeyJpZCI6MTU2MCwidXJsIjoiaHR0cHM6XC9cL2FjcXVhc3BvcnQuaXRcL3ZlbmRpdGEtcGlzY2luZVwvd3AtY29udGVudFwvdXBsb2Fkc1wvMjAyNlwvMDJcL1BBTExPQ0NBMi0xMDI0eDc2OC0xLmpwZyIsInNsaWRlc2hvdyI6Ijc1ZjRhZDUifQ%3D%3D\">\n\t\t\t\t\t<div class=\"e-gallery-image elementor-gallery-item__image\" data-thumbnail=\"https:\/\/acquasport.it\/vendita-piscine\/wp-content\/uploads\/2026\/02\/PALLOCCA2-1024x768-1.jpg\" data-width=\"1024\" data-height=\"768\" aria-label=\"\" role=\"img\" ><\/div>\n\t\t\t\t\t\t\t\t\t\t\t<div class=\"elementor-gallery-item__overlay\"><\/div>\n\t\t\t\t\t\t\t\t\t\t\t\t\t\t<\/a>\n\t\t\t\t\t\t\t<a class=\"e-gallery-item elementor-gallery-item elementor-animated-content\" href=\"https:\/\/acquasport.it\/vendita-piscine\/wp-content\/uploads\/2026\/02\/CUOLLO-STRUTTURA3-1024x578-1.jpg\" data-elementor-open-lightbox=\"yes\" data-elementor-lightbox-slideshow=\"75f4ad5\" data-e-action-hash=\"#elementor-action%3Aaction%3Dlightbox%26settings%3DeyJpZCI6MTU2MSwidXJsIjoiaHR0cHM6XC9cL2FjcXVhc3BvcnQuaXRcL3ZlbmRpdGEtcGlzY2luZVwvd3AtY29udGVudFwvdXBsb2Fkc1wvMjAyNlwvMDJcL0NVT0xMTy1TVFJVVFRVUkEzLTEwMjR4NTc4LTEuanBnIiwic2xpZGVzaG93IjoiNzVmNGFkNSJ9\">\n\t\t\t\t\t<div class=\"e-gallery-image elementor-gallery-item__image\" data-thumbnail=\"https:\/\/acquasport.it\/vendita-piscine\/wp-content\/uploads\/2026\/02\/CUOLLO-STRUTTURA3-1024x578-1.jpg\" data-width=\"1024\" data-height=\"578\" aria-label=\"\" role=\"img\" ><\/div>\n\t\t\t\t\t\t\t\t\t\t\t<div class=\"elementor-gallery-item__overlay\"><\/div>\n\t\t\t\t\t\t\t\t\t\t\t\t\t\t<\/a>\n\t\t\t\t\t\t\t<a class=\"e-gallery-item elementor-gallery-item elementor-animated-content\" href=\"https:\/\/acquasport.it\/vendita-piscine\/wp-content\/uploads\/2026\/02\/CUOLLO-STRUTTURA2-1024x578-1.jpg\" data-elementor-open-lightbox=\"yes\" data-elementor-lightbox-slideshow=\"75f4ad5\" data-e-action-hash=\"#elementor-action%3Aaction%3Dlightbox%26settings%3DeyJpZCI6MTU2MiwidXJsIjoiaHR0cHM6XC9cL2FjcXVhc3BvcnQuaXRcL3ZlbmRpdGEtcGlzY2luZVwvd3AtY29udGVudFwvdXBsb2Fkc1wvMjAyNlwvMDJcL0NVT0xMTy1TVFJVVFRVUkEyLTEwMjR4NTc4LTEuanBnIiwic2xpZGVzaG93IjoiNzVmNGFkNSJ9\">\n\t\t\t\t\t<div class=\"e-gallery-image elementor-gallery-item__image\" data-thumbnail=\"https:\/\/acquasport.it\/vendita-piscine\/wp-content\/uploads\/2026\/02\/CUOLLO-STRUTTURA2-1024x578-1.jpg\" data-width=\"1024\" data-height=\"578\" aria-label=\"\" role=\"img\" ><\/div>\n\t\t\t\t\t\t\t\t\t\t\t<div class=\"elementor-gallery-item__overlay\"><\/div>\n\t\t\t\t\t\t\t\t\t\t\t\t\t\t<\/a>\n\t\t\t\t\t\t\t<a class=\"e-gallery-item elementor-gallery-item elementor-animated-content\" href=\"https:\/\/acquasport.it\/vendita-piscine\/wp-content\/uploads\/2026\/02\/CANON-479-1024x768-1.jpg\" data-elementor-open-lightbox=\"yes\" data-elementor-lightbox-slideshow=\"75f4ad5\" data-e-action-hash=\"#elementor-action%3Aaction%3Dlightbox%26settings%3DeyJpZCI6MTU2MywidXJsIjoiaHR0cHM6XC9cL2FjcXVhc3BvcnQuaXRcL3ZlbmRpdGEtcGlzY2luZVwvd3AtY29udGVudFwvdXBsb2Fkc1wvMjAyNlwvMDJcL0NBTk9OLTQ3OS0xMDI0eDc2OC0xLmpwZyIsInNsaWRlc2hvdyI6Ijc1ZjRhZDUifQ%3D%3D\">\n\t\t\t\t\t<div class=\"e-gallery-image elementor-gallery-item__image\" data-thumbnail=\"https:\/\/acquasport.it\/vendita-piscine\/wp-content\/uploads\/2026\/02\/CANON-479-1024x768-1.jpg\" data-width=\"1024\" data-height=\"768\" aria-label=\"\" role=\"img\" ><\/div>\n\t\t\t\t\t\t\t\t\t\t\t<div class=\"elementor-gallery-item__overlay\"><\/div>\n\t\t\t\t\t\t\t\t\t\t\t\t\t\t<\/a>\n\t\t\t\t\t\t\t<a class=\"e-gallery-item elementor-gallery-item elementor-animated-content\" href=\"https:\/\/acquasport.it\/vendita-piscine\/wp-content\/uploads\/2026\/02\/BERNARDINI5-1024x768-1.jpg\" data-elementor-open-lightbox=\"yes\" data-elementor-lightbox-slideshow=\"75f4ad5\" data-e-action-hash=\"#elementor-action%3Aaction%3Dlightbox%26settings%3DeyJpZCI6MTU2NCwidXJsIjoiaHR0cHM6XC9cL2FjcXVhc3BvcnQuaXRcL3ZlbmRpdGEtcGlzY2luZVwvd3AtY29udGVudFwvdXBsb2Fkc1wvMjAyNlwvMDJcL0JFUk5BUkRJTkk1LTEwMjR4NzY4LTEuanBnIiwic2xpZGVzaG93IjoiNzVmNGFkNSJ9\">\n\t\t\t\t\t<div class=\"e-gallery-image elementor-gallery-item__image\" data-thumbnail=\"https:\/\/acquasport.it\/vendita-piscine\/wp-content\/uploads\/2026\/02\/BERNARDINI5-1024x768-1.jpg\" data-width=\"1024\" data-height=\"768\" aria-label=\"\" role=\"img\" ><\/div>\n\t\t\t\t\t\t\t\t\t\t\t<div class=\"elementor-gallery-item__overlay\"><\/div>\n\t\t\t\t\t\t\t\t\t\t\t\t\t\t<\/a>\n\t\t\t\t\t<\/div>\n\t\t\t\t\t<\/div>\n\t\t\t\t<\/div>\n\t\t\t\t\t<\/div>\n\t\t\t\t<\/div>\n\t\t\t\t<\/div>\n\t\t","protected":false},"excerpt":{"rendered":"<p>Piscina prefabbricata in pannelli di acciaio Costruzione piscine a Perugia e centro Italia Piscina prefabbricata in pannelli di acciaio Ottimo rapporto qualit\u00e0 &#8211; prezzo:La piscina in pannelli di acciaio \u00e8 una soluzione che unisce la solidit\u00e0 del cemento armato alla versatilit\u00e0 del prefabbricato.Gli elementi modulari in acciaio galvanizzato vengono utilizzati per formare le pareti laterali, [&hellip;]<\/p>\n","protected":false},"author":1,"featured_media":0,"parent":0,"menu_order":0,"comment_status":"closed","ping_status":"closed","template":"elementor_header_footer","meta":{"footnotes":""},"class_list":["post-1554","page","type-page","status-publish","hentry"],"_links":{"self":[{"href":"https:\/\/acquasport.it\/vendita-piscine\/wp-json\/wp\/v2\/pages\/1554","targetHints":{"allow":["GET"]}}],"collection":[{"href":"https:\/\/acquasport.it\/vendita-piscine\/wp-json\/wp\/v2\/pages"}],"about":[{"href":"https:\/\/acquasport.it\/vendita-piscine\/wp-json\/wp\/v2\/types\/page"}],"author":[{"embeddable":true,"href":"https:\/\/acquasport.it\/vendita-piscine\/wp-json\/wp\/v2\/users\/1"}],"replies":[{"embeddable":true,"href":"https:\/\/acquasport.it\/vendita-piscine\/wp-json\/wp\/v2\/comments?post=1554"}],"version-history":[{"count":16,"href":"https:\/\/acquasport.it\/vendita-piscine\/wp-json\/wp\/v2\/pages\/1554\/revisions"}],"predecessor-version":[{"id":1888,"href":"https:\/\/acquasport.it\/vendita-piscine\/wp-json\/wp\/v2\/pages\/1554\/revisions\/1888"}],"wp:attachment":[{"href":"https:\/\/acquasport.it\/vendita-piscine\/wp-json\/wp\/v2\/media?parent=1554"}],"curies":[{"name":"wp","href":"https:\/\/api.w.org\/{rel}","templated":true}]}}