{"id":1597,"date":"2026-02-11T09:40:17","date_gmt":"2026-02-11T08:40:17","guid":{"rendered":"https:\/\/acquasport.it\/vendita-piscine\/?page_id=1597"},"modified":"2026-02-25T16:36:19","modified_gmt":"2026-02-25T15:36:19","slug":"costruzione-piscine-copy","status":"publish","type":"page","link":"https:\/\/acquasport.it\/vendita-piscine\/costruzione-piscine-copy\/","title":{"rendered":"Ristrutturare la piscina"},"content":{"rendered":"\t\t<div data-elementor-type=\"wp-page\" data-elementor-id=\"1597\" class=\"elementor elementor-1597\" data-elementor-post-type=\"page\">\n\t\t\t\t<div class=\"elementor-element elementor-element-5f99a23 e-con-full e-flex e-con e-parent\" data-id=\"5f99a23\" data-element_type=\"container\" data-e-type=\"container\">\n\t\t\t\t<div class=\"elementor-element elementor-element-74629de elementor--h-position-center elementor--v-position-middle elementor-arrows-position-inside elementor-pagination-position-inside elementor-widget elementor-widget-slides\" data-id=\"74629de\" data-element_type=\"widget\" data-e-type=\"widget\" data-settings=\"{&quot;navigation&quot;:&quot;both&quot;,&quot;autoplay&quot;:&quot;yes&quot;,&quot;pause_on_hover&quot;:&quot;yes&quot;,&quot;pause_on_interaction&quot;:&quot;yes&quot;,&quot;autoplay_speed&quot;:5000,&quot;infinite&quot;:&quot;yes&quot;,&quot;transition&quot;:&quot;slide&quot;,&quot;transition_speed&quot;:500}\" data-widget_type=\"slides.default\">\n\t\t\t\t\t\t\t\t\t\t<div class=\"elementor-slides-wrapper elementor-main-swiper swiper\" role=\"region\" aria-roledescription=\"carousel\" aria-label=\"Slides\" dir=\"ltr\" data-animation=\"fadeInUp\">\n\t\t\t\t<div class=\"swiper-wrapper elementor-slides\">\n\t\t\t\t\t\t\t\t\t\t<div class=\"elementor-repeater-item-bbfeccc swiper-slide\" role=\"group\" aria-roledescription=\"slide\"><div class=\"swiper-slide-bg elementor-ken-burns elementor-ken-burns--in\" role=\"img\" aria-label=\"\"><\/div><div class=\"swiper-slide-inner\" ><div class=\"swiper-slide-contents\"><div class=\"elementor-slide-heading\">Ristrutturare la piscina<\/div><\/div><\/div><\/div>\t\t\t\t<\/div>\n\t\t\t\t\t\t\t<\/div>\n\t\t\t\t\t\t\t\t<\/div>\n\t\t\t\t<\/div>\n\t\t<div class=\"elementor-element elementor-element-4974e52 e-flex e-con-boxed e-con e-parent\" data-id=\"4974e52\" data-element_type=\"container\" data-e-type=\"container\">\n\t\t\t\t\t<div class=\"e-con-inner\">\n\t\t<div class=\"elementor-element elementor-element-4f002ab e-con-full e-flex e-con e-child\" data-id=\"4f002ab\" data-element_type=\"container\" data-e-type=\"container\">\n\t\t\t\t<div class=\"elementor-element elementor-element-09030c4 elementor-widget elementor-widget-heading\" data-id=\"09030c4\" data-element_type=\"widget\" data-e-type=\"widget\" data-widget_type=\"heading.default\">\n\t\t\t\t\t<h2 class=\"elementor-heading-title elementor-size-default\">Un desiderio realizzabile.... Piscine piu belle...<\/h2>\t\t\t\t<\/div>\n\t\t\t\t<div class=\"elementor-element elementor-element-1c2fb25 elementor-widget elementor-widget-heading\" data-id=\"1c2fb25\" data-element_type=\"widget\" data-e-type=\"widget\" data-widget_type=\"heading.default\">\n\t\t\t\t\t<h2 class=\"elementor-heading-title elementor-size-default\">Ristrutturare la piscina<\/h2>\t\t\t\t<\/div>\n\t\t\t\t<div class=\"elementor-element elementor-element-2916bad elementor-widget elementor-widget-text-editor\" data-id=\"2916bad\" data-element_type=\"widget\" data-e-type=\"widget\" data-widget_type=\"text-editor.default\">\n\t\t\t\t\t\t\t\t\t<p><strong>Avere una piscina vecchia e malandata \u00e8 molto dispendioso; fa sprecare tempo e denaro:<\/strong><\/p><p>Richiede pi\u00f9 manutenzione del necessario, \u00e8 poco funzionale perch\u00e9 ha consumi energetici alti e perdite nelle tubazioni e, non meno importante, non \u00e8 gradevole da vedere.<br \/>Richiede quindi pi\u00f9 manutenzione del necessario.Ristrutturare la propria piscina per renderla pi\u00f9 bella e migliorarne le prestazioni \u00e8 spesso meno impegnativo e complicato di quanto si pensa.<br \/>In primo luogo vanno considerati tutti gli interventi che consentono di migliorare l\u2019efficienza della piscina, dai fari Led a basso consumo a pompe pi\u00f9 silenziose e meno \u201cenergivore\u201d, dal riscaldamento al trattamento dell\u2019acqua tramite dosatori a lambimento.<\/p>\t\t\t\t\t\t\t\t<\/div>\n\t\t\t\t<div class=\"elementor-element elementor-element-9ad8359 elementor-align-center elementor-widget elementor-widget-button\" data-id=\"9ad8359\" data-element_type=\"widget\" data-e-type=\"widget\" data-widget_type=\"button.default\">\n\t\t\t\t\t\t\t\t\t\t<a class=\"elementor-button elementor-button-link elementor-size-sm\" href=\"https:\/\/acquasport.it\/vendita-piscine\/contatti\/\">\n\t\t\t\t\t\t<span class=\"elementor-button-content-wrapper\">\n\t\t\t\t\t\t<span class=\"elementor-button-icon\">\n\t\t\t\t<svg aria-hidden=\"true\" class=\"e-font-icon-svg e-fas-info-circle\" viewBox=\"0 0 512 512\" xmlns=\"http:\/\/www.w3.org\/2000\/svg\"><path d=\"M256 8C119.043 8 8 119.083 8 256c0 136.997 111.043 248 248 248s248-111.003 248-248C504 119.083 392.957 8 256 8zm0 110c23.196 0 42 18.804 42 42s-18.804 42-42 42-42-18.804-42-42 18.804-42 42-42zm56 254c0 6.627-5.373 12-12 12h-88c-6.627 0-12-5.373-12-12v-24c0-6.627 5.373-12 12-12h12v-64h-12c-6.627 0-12-5.373-12-12v-24c0-6.627 5.373-12 12-12h64c6.627 0 12 5.373 12 12v100h12c6.627 0 12 5.373 12 12v24z\"><\/path><\/svg>\t\t\t<\/span>\n\t\t\t\t\t\t\t\t\t<span class=\"elementor-button-text\">Ulteriori informazioni <\/span>\n\t\t\t\t\t<\/span>\n\t\t\t\t\t<\/a>\n\t\t\t\t\t\t\t\t<\/div>\n\t\t\t\t<\/div>\n\t\t<div class=\"elementor-element elementor-element-da261bb e-con-full e-flex e-con e-child\" data-id=\"da261bb\" data-element_type=\"container\" data-e-type=\"container\">\n\t\t\t\t<div class=\"elementor-element elementor-element-5aff125 elementor-widget elementor-widget-image\" data-id=\"5aff125\" data-element_type=\"widget\" data-e-type=\"widget\" data-widget_type=\"image.default\">\n\t\t\t\t\t\t\t\t\t\t\t\t\t\t\t\t<a href=\"https:\/\/acquasport.it\/vendita-piscine\/wp-content\/uploads\/2026\/02\/o_1b0kpfove1ic51a625qbv721ie1u-1.jpg\" data-elementor-open-lightbox=\"yes\" data-e-action-hash=\"#elementor-action%3Aaction%3Dlightbox%26settings%3DeyJpZCI6MTU5OSwidXJsIjoiaHR0cHM6XC9cL2FjcXVhc3BvcnQuaXRcL3ZlbmRpdGEtcGlzY2luZVwvd3AtY29udGVudFwvdXBsb2Fkc1wvMjAyNlwvMDJcL29fMWIwa3Bmb3ZlMWljNTFhNjI1cWJ2NzIxaWUxdS0xLmpwZyJ9\">\n\t\t\t\t\t\t\t<img fetchpriority=\"high\" decoding=\"async\" width=\"800\" height=\"600\" src=\"https:\/\/acquasport.it\/vendita-piscine\/wp-content\/uploads\/2026\/02\/o_1b0kpfove1ic51a625qbv721ie1u-1.jpg\" class=\"attachment-full size-full wp-image-1599\" alt=\"\" srcset=\"https:\/\/acquasport.it\/vendita-piscine\/wp-content\/uploads\/2026\/02\/o_1b0kpfove1ic51a625qbv721ie1u-1.jpg 800w, https:\/\/acquasport.it\/vendita-piscine\/wp-content\/uploads\/2026\/02\/o_1b0kpfove1ic51a625qbv721ie1u-1-300x225.jpg 300w, https:\/\/acquasport.it\/vendita-piscine\/wp-content\/uploads\/2026\/02\/o_1b0kpfove1ic51a625qbv721ie1u-1-768x576.jpg 768w\" sizes=\"(max-width: 800px) 100vw, 800px\" \/>\t\t\t\t\t\t\t\t<\/a>\n\t\t\t\t\t\t\t\t\t\t\t\t\t\t\t<\/div>\n\t\t\t\t<\/div>\n\t\t\t\t\t<\/div>\n\t\t\t\t<\/div>\n\t\t<div class=\"elementor-element elementor-element-2ac56f1 e-flex e-con-boxed e-con e-parent\" data-id=\"2ac56f1\" data-element_type=\"container\" data-e-type=\"container\">\n\t\t\t\t\t<div class=\"e-con-inner\">\n\t\t<div class=\"elementor-element elementor-element-2628877 e-con-full e-flex e-con e-child\" data-id=\"2628877\" data-element_type=\"container\" data-e-type=\"container\">\n\t\t\t\t<div class=\"elementor-element elementor-element-bb4fcba elementor-widget elementor-widget-image\" data-id=\"bb4fcba\" data-element_type=\"widget\" data-e-type=\"widget\" data-widget_type=\"image.default\">\n\t\t\t\t\t\t\t\t\t\t\t\t\t\t\t\t<a href=\"https:\/\/acquasport.it\/vendita-piscine\/wp-content\/uploads\/2026\/02\/o_1b0kpfove15fmdd4vtn1hlr1kqtv.jpg\" data-elementor-open-lightbox=\"yes\" data-e-action-hash=\"#elementor-action%3Aaction%3Dlightbox%26settings%3DeyJpZCI6MTYwMCwidXJsIjoiaHR0cHM6XC9cL2FjcXVhc3BvcnQuaXRcL3ZlbmRpdGEtcGlzY2luZVwvd3AtY29udGVudFwvdXBsb2Fkc1wvMjAyNlwvMDJcL29fMWIwa3Bmb3ZlMTVmbWRkNHZ0bjFobHIxa3F0di5qcGcifQ%3D%3D\">\n\t\t\t\t\t\t\t<img decoding=\"async\" width=\"800\" height=\"600\" src=\"https:\/\/acquasport.it\/vendita-piscine\/wp-content\/uploads\/2026\/02\/o_1b0kpfove15fmdd4vtn1hlr1kqtv.jpg\" class=\"attachment-full size-full wp-image-1600\" alt=\"\" srcset=\"https:\/\/acquasport.it\/vendita-piscine\/wp-content\/uploads\/2026\/02\/o_1b0kpfove15fmdd4vtn1hlr1kqtv.jpg 800w, https:\/\/acquasport.it\/vendita-piscine\/wp-content\/uploads\/2026\/02\/o_1b0kpfove15fmdd4vtn1hlr1kqtv-300x225.jpg 300w, https:\/\/acquasport.it\/vendita-piscine\/wp-content\/uploads\/2026\/02\/o_1b0kpfove15fmdd4vtn1hlr1kqtv-768x576.jpg 768w\" sizes=\"(max-width: 800px) 100vw, 800px\" \/>\t\t\t\t\t\t\t\t<\/a>\n\t\t\t\t\t\t\t\t\t\t\t\t\t\t\t<\/div>\n\t\t\t\t<\/div>\n\t\t<div class=\"elementor-element elementor-element-6e141aa e-con-full e-flex e-con e-child\" data-id=\"6e141aa\" data-element_type=\"container\" data-e-type=\"container\">\n\t\t\t\t<div class=\"elementor-element elementor-element-478d706 elementor-widget elementor-widget-heading\" data-id=\"478d706\" data-element_type=\"widget\" data-e-type=\"widget\" data-widget_type=\"heading.default\">\n\t\t\t\t\t<h2 class=\"elementor-heading-title elementor-size-default\">Le piscine realizzate da Acquasport si adattano perfettamente agli stili architettonici moderni e classici!<\/h2>\t\t\t\t<\/div>\n\t\t\t\t<div class=\"elementor-element elementor-element-5eacf04 elementor-widget elementor-widget-heading\" data-id=\"5eacf04\" data-element_type=\"widget\" data-e-type=\"widget\" data-widget_type=\"heading.default\">\n\t\t\t\t\t<h2 class=\"elementor-heading-title elementor-size-default\">Vasta gamma di offerte!<\/h2>\t\t\t\t<\/div>\n\t\t\t\t<div class=\"elementor-element elementor-element-3cd8c23 elementor-widget elementor-widget-text-editor\" data-id=\"3cd8c23\" data-element_type=\"widget\" data-e-type=\"widget\" data-widget_type=\"text-editor.default\">\n\t\t\t\t\t\t\t\t\tLa sostituzione del rivestimento interno rende la piscina praticamente nuova, ferma eventuali infiltrazioni e perdite, e vista l\u2019ampia gamma di proposte e colori tra cui scegliere, dona alla Vostra piscina una veste rinnovata e originale.\nPiscine Acquasport \u00e8 l\u2019unica azienda in Italia che risolve definitivamente il problema della fascia di grasso e sporco superficiale che si forma al livello dell\u2019acqua.\nLa greca in mosaico ceramico vetroso applicata con una tecnica all\u2019avanguardia brevettata dall\u2019Azienda, elimina questo antiestetico problema e arricchisce la struttura della Vostra piscina in modo unico.\t\t\t\t\t\t\t\t<\/div>\n\t\t\t\t<div class=\"elementor-element elementor-element-fe3991f elementor-align-center elementor-widget elementor-widget-button\" data-id=\"fe3991f\" data-element_type=\"widget\" data-e-type=\"widget\" data-widget_type=\"button.default\">\n\t\t\t\t\t\t\t\t\t\t<a class=\"elementor-button elementor-button-link elementor-size-sm\" href=\"https:\/\/acquasport.it\/vendita-piscine\/contatti\/\">\n\t\t\t\t\t\t<span class=\"elementor-button-content-wrapper\">\n\t\t\t\t\t\t<span class=\"elementor-button-icon\">\n\t\t\t\t<svg aria-hidden=\"true\" class=\"e-font-icon-svg e-fas-info-circle\" viewBox=\"0 0 512 512\" xmlns=\"http:\/\/www.w3.org\/2000\/svg\"><path d=\"M256 8C119.043 8 8 119.083 8 256c0 136.997 111.043 248 248 248s248-111.003 248-248C504 119.083 392.957 8 256 8zm0 110c23.196 0 42 18.804 42 42s-18.804 42-42 42-42-18.804-42-42 18.804-42 42-42zm56 254c0 6.627-5.373 12-12 12h-88c-6.627 0-12-5.373-12-12v-24c0-6.627 5.373-12 12-12h12v-64h-12c-6.627 0-12-5.373-12-12v-24c0-6.627 5.373-12 12-12h64c6.627 0 12 5.373 12 12v100h12c6.627 0 12 5.373 12 12v24z\"><\/path><\/svg>\t\t\t<\/span>\n\t\t\t\t\t\t\t\t\t<span class=\"elementor-button-text\">Ulteriori informazioni <\/span>\n\t\t\t\t\t<\/span>\n\t\t\t\t\t<\/a>\n\t\t\t\t\t\t\t\t<\/div>\n\t\t\t\t<\/div>\n\t\t\t\t\t<\/div>\n\t\t\t\t<\/div>\n\t\t<div class=\"elementor-element elementor-element-8ec3a2b e-flex e-con-boxed e-con e-parent\" data-id=\"8ec3a2b\" data-element_type=\"container\" data-e-type=\"container\">\n\t\t\t\t\t<div class=\"e-con-inner\">\n\t\t<div class=\"elementor-element elementor-element-5bf325f e-con-full e-flex e-con e-child\" data-id=\"5bf325f\" data-element_type=\"container\" data-e-type=\"container\">\n\t\t\t\t<div class=\"elementor-element elementor-element-e8aca00 elementor-cta--skin-classic elementor-animated-content elementor-bg-transform elementor-bg-transform-zoom-in elementor-widget elementor-widget-call-to-action\" data-id=\"e8aca00\" data-element_type=\"widget\" data-e-type=\"widget\" data-widget_type=\"call-to-action.default\">\n\t\t\t\t\t\t\t<div class=\"elementor-cta\">\n\t\t\t\t\t<div class=\"elementor-cta__bg-wrapper\">\n\t\t\t\t<div class=\"elementor-cta__bg elementor-bg\" style=\"background-image: url(https:\/\/acquasport.it\/vendita-piscine\/wp-content\/uploads\/2026\/02\/piscina-in-cemento-armato-300x300-1.jpg);\" role=\"img\" aria-label=\"\"><\/div>\n\t\t\t\t<div class=\"elementor-cta__bg-overlay\"><\/div>\n\t\t\t<\/div>\n\t\t\t\t\t\t\t<div class=\"elementor-cta__content\">\n\t\t\t\t\n\t\t\t\t\t\t\t\t\t<h2 class=\"elementor-cta__title elementor-cta__content-item elementor-content-item\">\n\t\t\t\t\t\tRistrutturare e rinnovare la piscina\t\t\t\t\t<\/h2>\n\t\t\t\t\n\t\t\t\t\n\t\t\t\t\t\t\t\t\t<div class=\"elementor-cta__button-wrapper elementor-cta__content-item elementor-content-item \">\n\t\t\t\t\t<a class=\"elementor-cta__button elementor-button elementor-size-\" href=\"https:\/\/acquasport.it\/vendita-piscine\/greca-in-mosaico-vetroso-copy\/\">\n\t\t\t\t\t\tClicca qui\t\t\t\t\t<\/a>\n\t\t\t\t\t<\/div>\n\t\t\t\t\t\t\t<\/div>\n\t\t\t\t\t\t<\/div>\n\t\t\t\t\t\t<\/div>\n\t\t\t\t<\/div>\n\t\t<div class=\"elementor-element elementor-element-a38fbf9 e-con-full e-flex e-con e-child\" data-id=\"a38fbf9\" data-element_type=\"container\" data-e-type=\"container\">\n\t\t\t\t<\/div>\n\t\t\t\t\t<\/div>\n\t\t\t\t<\/div>\n\t\t\t\t<\/div>\n\t\t","protected":false},"excerpt":{"rendered":"<p>Ristrutturare la piscina Un desiderio realizzabile&#8230;. Piscine piu belle&#8230; Ristrutturare la piscina Avere una piscina vecchia e malandata \u00e8 molto dispendioso; fa sprecare tempo e denaro: Richiede pi\u00f9 manutenzione del necessario, \u00e8 poco funzionale perch\u00e9 ha consumi energetici alti e perdite nelle tubazioni e, non meno importante, non \u00e8 gradevole da vedere.Richiede quindi pi\u00f9 manutenzione [&hellip;]<\/p>\n","protected":false},"author":1,"featured_media":0,"parent":0,"menu_order":0,"comment_status":"closed","ping_status":"closed","template":"elementor_header_footer","meta":{"footnotes":""},"class_list":["post-1597","page","type-page","status-publish","hentry"],"_links":{"self":[{"href":"https:\/\/acquasport.it\/vendita-piscine\/wp-json\/wp\/v2\/pages\/1597","targetHints":{"allow":["GET"]}}],"collection":[{"href":"https:\/\/acquasport.it\/vendita-piscine\/wp-json\/wp\/v2\/pages"}],"about":[{"href":"https:\/\/acquasport.it\/vendita-piscine\/wp-json\/wp\/v2\/types\/page"}],"author":[{"embeddable":true,"href":"https:\/\/acquasport.it\/vendita-piscine\/wp-json\/wp\/v2\/users\/1"}],"replies":[{"embeddable":true,"href":"https:\/\/acquasport.it\/vendita-piscine\/wp-json\/wp\/v2\/comments?post=1597"}],"version-history":[{"count":22,"href":"https:\/\/acquasport.it\/vendita-piscine\/wp-json\/wp\/v2\/pages\/1597\/revisions"}],"predecessor-version":[{"id":1934,"href":"https:\/\/acquasport.it\/vendita-piscine\/wp-json\/wp\/v2\/pages\/1597\/revisions\/1934"}],"wp:attachment":[{"href":"https:\/\/acquasport.it\/vendita-piscine\/wp-json\/wp\/v2\/media?parent=1597"}],"curies":[{"name":"wp","href":"https:\/\/api.w.org\/{rel}","templated":true}]}}