{"id":1765,"date":"2026-02-11T11:48:55","date_gmt":"2026-02-11T10:48:55","guid":{"rendered":"https:\/\/acquasport.it\/vendita-piscine\/?page_id=1765"},"modified":"2026-02-11T14:39:53","modified_gmt":"2026-02-11T13:39:53","slug":"trattamento-dellacqua-di-piscina","status":"publish","type":"page","link":"https:\/\/acquasport.it\/vendita-piscine\/trattamento-dellacqua-di-piscina\/","title":{"rendered":"Trattamento dell&#8217;acqua di piscina"},"content":{"rendered":"\t\t<div data-elementor-type=\"wp-page\" data-elementor-id=\"1765\" class=\"elementor elementor-1765\" data-elementor-post-type=\"page\">\n\t\t\t\t<div class=\"elementor-element elementor-element-5f99a23 e-con-full e-flex e-con e-parent\" data-id=\"5f99a23\" data-element_type=\"container\" data-e-type=\"container\">\n\t\t\t\t<div class=\"elementor-element elementor-element-74629de elementor--h-position-center elementor--v-position-middle elementor-arrows-position-inside elementor-pagination-position-inside elementor-widget elementor-widget-slides\" data-id=\"74629de\" data-element_type=\"widget\" data-e-type=\"widget\" data-settings=\"{&quot;navigation&quot;:&quot;both&quot;,&quot;autoplay&quot;:&quot;yes&quot;,&quot;pause_on_hover&quot;:&quot;yes&quot;,&quot;pause_on_interaction&quot;:&quot;yes&quot;,&quot;autoplay_speed&quot;:5000,&quot;infinite&quot;:&quot;yes&quot;,&quot;transition&quot;:&quot;slide&quot;,&quot;transition_speed&quot;:500}\" data-widget_type=\"slides.default\">\n\t\t\t\t\t\t\t\t\t\t<div class=\"elementor-slides-wrapper elementor-main-swiper swiper\" role=\"region\" aria-roledescription=\"carousel\" aria-label=\"Slides\" dir=\"ltr\" data-animation=\"fadeInUp\">\n\t\t\t\t<div class=\"swiper-wrapper elementor-slides\">\n\t\t\t\t\t\t\t\t\t\t<div class=\"elementor-repeater-item-bbfeccc swiper-slide\" role=\"group\" aria-roledescription=\"slide\"><div class=\"swiper-slide-bg elementor-ken-burns elementor-ken-burns--in\" role=\"img\" aria-label=\"\"><\/div><div class=\"swiper-slide-inner\" ><div class=\"swiper-slide-contents\"><div class=\"elementor-slide-heading\">Trattamento dell'acqua di piscina<\/div><\/div><\/div><\/div>\t\t\t\t<\/div>\n\t\t\t\t\t\t\t<\/div>\n\t\t\t\t\t\t\t\t<\/div>\n\t\t\t\t<\/div>\n\t\t<div class=\"elementor-element elementor-element-4974e52 e-flex e-con-boxed e-con e-parent\" data-id=\"4974e52\" data-element_type=\"container\" data-e-type=\"container\">\n\t\t\t\t\t<div class=\"e-con-inner\">\n\t\t<div class=\"elementor-element elementor-element-4f002ab e-con-full e-flex e-con e-child\" data-id=\"4f002ab\" data-element_type=\"container\" data-e-type=\"container\">\n\t\t\t\t<div class=\"elementor-element elementor-element-09030c4 elementor-widget elementor-widget-heading\" data-id=\"09030c4\" data-element_type=\"widget\" data-e-type=\"widget\" data-widget_type=\"heading.default\">\n\t\t\t\t\t<h2 class=\"elementor-heading-title elementor-size-default\">Per una piscina limpida e cristallina<\/h2>\t\t\t\t<\/div>\n\t\t\t\t<div class=\"elementor-element elementor-element-1c2fb25 elementor-widget elementor-widget-heading\" data-id=\"1c2fb25\" data-element_type=\"widget\" data-e-type=\"widget\" data-widget_type=\"heading.default\">\n\t\t\t\t\t<h2 class=\"elementor-heading-title elementor-size-default\">Trattamento dell'acqua di piscina<\/h2>\t\t\t\t<\/div>\n\t\t\t\t<div class=\"elementor-element elementor-element-2916bad elementor-widget elementor-widget-text-editor\" data-id=\"2916bad\" data-element_type=\"widget\" data-e-type=\"widget\" data-widget_type=\"text-editor.default\">\n\t\t\t\t\t\t\t\t\t<p><strong>Una bella piscina \u00e8 il risultato di numerosi fattori quali la posizione, i materiali con cui \u00e8 costruita, la sua forma e come quest\u2019ultima si armonizza con l\u2019ambiente circostante :<\/strong><\/p><p>Tuttavia ogni accorgimento estetico e architettonico sarebbe inutile se l\u2019acqua della piscina non fosse mantenuta limpida, chiara e cristallina.<br \/>Quando ci tuffiamo nella piscina dei nostri sogni vogliamo avere il piacere di nuotare in un\u2019acqua bella e sicura per la nostra salute.<br \/>Come otteniamo questo risultato nelle nostre piscine?<br \/>L\u2019acqua all\u2019aperto tende a degradarsi per l\u2019azione di diversi fattori fisici e chimici (luce, decomposizione sostanze organiche, etc..) e per evitare ci\u00f2 dobbiamo intervenire dall\u2019esterno, attraverso un trattamento chimico dell\u2019acqua.<br \/>Il metodo pi\u00f9 comune per trattare l\u2019acqua di piscina \u00e8 attraverso dei prodotti a base di cloro. Questo elemento chimico \u00e8 un potente ossidante e disinfettante, \u00e8 il prodotto pi\u00f9 comune nella disinfezione delle piscine, sia private che pubbliche.<br \/>I prodotti a base di cloro che noi vendiamo sono rigorosamente testati e in linea con le pi\u00f9 recenti normative europee a riguardo, il loro uso corretto garantisce un\u2019assoluta sicurezza del bagnante.<\/p>\t\t\t\t\t\t\t\t<\/div>\n\t\t\t\t<div class=\"elementor-element elementor-element-9ad8359 elementor-align-center elementor-widget elementor-widget-button\" data-id=\"9ad8359\" data-element_type=\"widget\" data-e-type=\"widget\" data-widget_type=\"button.default\">\n\t\t\t\t\t\t\t\t\t\t<a class=\"elementor-button elementor-button-link elementor-size-sm\" href=\"https:\/\/acquasport.it\/vendita-piscine\/contatti\/\">\n\t\t\t\t\t\t<span class=\"elementor-button-content-wrapper\">\n\t\t\t\t\t\t<span class=\"elementor-button-icon\">\n\t\t\t\t<svg aria-hidden=\"true\" class=\"e-font-icon-svg e-fas-info-circle\" viewBox=\"0 0 512 512\" xmlns=\"http:\/\/www.w3.org\/2000\/svg\"><path d=\"M256 8C119.043 8 8 119.083 8 256c0 136.997 111.043 248 248 248s248-111.003 248-248C504 119.083 392.957 8 256 8zm0 110c23.196 0 42 18.804 42 42s-18.804 42-42 42-42-18.804-42-42 18.804-42 42-42zm56 254c0 6.627-5.373 12-12 12h-88c-6.627 0-12-5.373-12-12v-24c0-6.627 5.373-12 12-12h12v-64h-12c-6.627 0-12-5.373-12-12v-24c0-6.627 5.373-12 12-12h64c6.627 0 12 5.373 12 12v100h12c6.627 0 12 5.373 12 12v24z\"><\/path><\/svg>\t\t\t<\/span>\n\t\t\t\t\t\t\t\t\t<span class=\"elementor-button-text\">Ulteriori informazioni <\/span>\n\t\t\t\t\t<\/span>\n\t\t\t\t\t<\/a>\n\t\t\t\t\t\t\t\t<\/div>\n\t\t\t\t<\/div>\n\t\t<div class=\"elementor-element elementor-element-da261bb e-con-full e-flex e-con e-child\" data-id=\"da261bb\" data-element_type=\"container\" data-e-type=\"container\">\n\t\t\t\t<div class=\"elementor-element elementor-element-5aff125 elementor-widget elementor-widget-image\" data-id=\"5aff125\" data-element_type=\"widget\" data-e-type=\"widget\" data-widget_type=\"image.default\">\n\t\t\t\t\t\t\t\t\t\t\t\t\t\t\t\t<a href=\"https:\/\/acquasport.it\/vendita-piscine\/wp-content\/uploads\/2026\/02\/urbani2-2-1024x768-1.jpg\" data-elementor-open-lightbox=\"yes\" data-e-action-hash=\"#elementor-action%3Aaction%3Dlightbox%26settings%3DeyJpZCI6MTYxOCwidXJsIjoiaHR0cHM6XC9cL2FjcXVhc3BvcnQuaXRcL3ZlbmRpdGEtcGlzY2luZVwvd3AtY29udGVudFwvdXBsb2Fkc1wvMjAyNlwvMDJcL3VyYmFuaTItMi0xMDI0eDc2OC0xLmpwZyJ9\">\n\t\t\t\t\t\t\t<img fetchpriority=\"high\" decoding=\"async\" width=\"1024\" height=\"768\" src=\"https:\/\/acquasport.it\/vendita-piscine\/wp-content\/uploads\/2026\/02\/urbani2-2-1024x768-1.jpg\" class=\"attachment-full size-full wp-image-1618\" alt=\"\" srcset=\"https:\/\/acquasport.it\/vendita-piscine\/wp-content\/uploads\/2026\/02\/urbani2-2-1024x768-1.jpg 1024w, https:\/\/acquasport.it\/vendita-piscine\/wp-content\/uploads\/2026\/02\/urbani2-2-1024x768-1-300x225.jpg 300w, https:\/\/acquasport.it\/vendita-piscine\/wp-content\/uploads\/2026\/02\/urbani2-2-1024x768-1-768x576.jpg 768w\" sizes=\"(max-width: 1024px) 100vw, 1024px\" \/>\t\t\t\t\t\t\t\t<\/a>\n\t\t\t\t\t\t\t\t\t\t\t\t\t\t\t<\/div>\n\t\t\t\t<\/div>\n\t\t\t\t\t<\/div>\n\t\t\t\t<\/div>\n\t\t<div class=\"elementor-element elementor-element-2ac56f1 e-flex e-con-boxed e-con e-parent\" data-id=\"2ac56f1\" data-element_type=\"container\" data-e-type=\"container\">\n\t\t\t\t\t<div class=\"e-con-inner\">\n\t\t<div class=\"elementor-element elementor-element-2628877 e-con-full e-flex e-con e-child\" data-id=\"2628877\" data-element_type=\"container\" data-e-type=\"container\">\n\t\t\t\t<div class=\"elementor-element elementor-element-bb4fcba elementor-widget elementor-widget-image\" data-id=\"bb4fcba\" data-element_type=\"widget\" data-e-type=\"widget\" data-widget_type=\"image.default\">\n\t\t\t\t\t\t\t\t\t\t\t\t\t\t\t\t<a href=\"https:\/\/acquasport.it\/vendita-piscine\/wp-content\/uploads\/2026\/02\/o_1b1mse4ho5kga0l1m9rnct17ska-1024x768-1.jpg\" data-elementor-open-lightbox=\"yes\" data-e-action-hash=\"#elementor-action%3Aaction%3Dlightbox%26settings%3DeyJpZCI6MTc2NywidXJsIjoiaHR0cHM6XC9cL2FjcXVhc3BvcnQuaXRcL3ZlbmRpdGEtcGlzY2luZVwvd3AtY29udGVudFwvdXBsb2Fkc1wvMjAyNlwvMDJcL29fMWIxbXNlNGhvNWtnYTBsMW05cm5jdDE3c2thLTEwMjR4NzY4LTEuanBnIn0%3D\">\n\t\t\t\t\t\t\t<img decoding=\"async\" width=\"1024\" height=\"768\" src=\"https:\/\/acquasport.it\/vendita-piscine\/wp-content\/uploads\/2026\/02\/o_1b1mse4ho5kga0l1m9rnct17ska-1024x768-1.jpg\" class=\"attachment-full size-full wp-image-1767\" alt=\"\" srcset=\"https:\/\/acquasport.it\/vendita-piscine\/wp-content\/uploads\/2026\/02\/o_1b1mse4ho5kga0l1m9rnct17ska-1024x768-1.jpg 1024w, https:\/\/acquasport.it\/vendita-piscine\/wp-content\/uploads\/2026\/02\/o_1b1mse4ho5kga0l1m9rnct17ska-1024x768-1-300x225.jpg 300w, https:\/\/acquasport.it\/vendita-piscine\/wp-content\/uploads\/2026\/02\/o_1b1mse4ho5kga0l1m9rnct17ska-1024x768-1-768x576.jpg 768w\" sizes=\"(max-width: 1024px) 100vw, 1024px\" \/>\t\t\t\t\t\t\t\t<\/a>\n\t\t\t\t\t\t\t\t\t\t\t\t\t\t\t<\/div>\n\t\t\t\t<\/div>\n\t\t<div class=\"elementor-element elementor-element-6e141aa e-con-full e-flex e-con e-child\" data-id=\"6e141aa\" data-element_type=\"container\" data-e-type=\"container\">\n\t\t\t\t<div class=\"elementor-element elementor-element-478d706 elementor-widget elementor-widget-heading\" data-id=\"478d706\" data-element_type=\"widget\" data-e-type=\"widget\" data-widget_type=\"heading.default\">\n\t\t\t\t\t<h2 class=\"elementor-heading-title elementor-size-default\">L\u2019abbondanza di prodotti chimici danneggia l\u2019acqua della piscina e rende poco gradevole il bagno.<\/h2>\t\t\t\t<\/div>\n\t\t\t\t<div class=\"elementor-element elementor-element-5eacf04 elementor-widget elementor-widget-heading\" data-id=\"5eacf04\" data-element_type=\"widget\" data-e-type=\"widget\" data-widget_type=\"heading.default\">\n\t\t\t\t\t<h2 class=\"elementor-heading-title elementor-size-default\">Alternativa al cloro<\/h2>\t\t\t\t<\/div>\n\t\t\t\t<div class=\"elementor-element elementor-element-3cd8c23 elementor-widget elementor-widget-text-editor\" data-id=\"3cd8c23\" data-element_type=\"widget\" data-e-type=\"widget\" data-widget_type=\"text-editor.default\">\n\t\t\t\t\t\t\t\t\tUn\u2019alternativa al tradizionale trattamento con il cloro \u00e8 quella a base di ossigeno, trattando l\u2019acqua con soluzioni di perossido d\u2019idrogeno ad alte concentrazioni unite a prodotti di disinfezione a base di biguanide. Questo trattamento \u00e8 molto diffuso nelle piscine a uso domestico e rappresenta una valida alternativa al cloro. Infine ci sentiamo di segnalare il trattamento a sale dell\u2019acqua di piscina. Predisponendo adeguatamente l\u2019impianto idraulico \u00e8 possibile installare una cella elettrolitica che, scindendo le molecole di sale precedentemente immesso nell\u2019acqua, libera in vasca dei composti clorati che favoriscono la disinfezione dell\u2019acqua. Pur trovandoci ugualmente in presenza di cloro, in una piscina a sale dobbiamo preoccuparci molto limitatamente del trattamento dell\u2019acqua in quanto le funzioni principali di immissione e regolazione del livello di cloro vengono gestite in maniera automatica attraverso la centralina elettrolitica. In qualsiasi caso comunque, \u00e8 fondamentale controllare i valori chimici dell\u2019acqua attraverso i test, manuali o digitali non importa. Non si devono mai immettere in vasca prodotti \u201ca caso\u201d, senza aver fatto il test o consultato persone esperte.\t\t\t\t\t\t\t\t<\/div>\n\t\t\t\t<div class=\"elementor-element elementor-element-fe3991f elementor-align-center elementor-widget elementor-widget-button\" data-id=\"fe3991f\" data-element_type=\"widget\" data-e-type=\"widget\" data-widget_type=\"button.default\">\n\t\t\t\t\t\t\t\t\t\t<a class=\"elementor-button elementor-button-link elementor-size-sm\" href=\"https:\/\/acquasport.it\/vendita-piscine\/contatti\/\">\n\t\t\t\t\t\t<span class=\"elementor-button-content-wrapper\">\n\t\t\t\t\t\t<span class=\"elementor-button-icon\">\n\t\t\t\t<svg aria-hidden=\"true\" class=\"e-font-icon-svg e-fas-info-circle\" viewBox=\"0 0 512 512\" xmlns=\"http:\/\/www.w3.org\/2000\/svg\"><path d=\"M256 8C119.043 8 8 119.083 8 256c0 136.997 111.043 248 248 248s248-111.003 248-248C504 119.083 392.957 8 256 8zm0 110c23.196 0 42 18.804 42 42s-18.804 42-42 42-42-18.804-42-42 18.804-42 42-42zm56 254c0 6.627-5.373 12-12 12h-88c-6.627 0-12-5.373-12-12v-24c0-6.627 5.373-12 12-12h12v-64h-12c-6.627 0-12-5.373-12-12v-24c0-6.627 5.373-12 12-12h64c6.627 0 12 5.373 12 12v100h12c6.627 0 12 5.373 12 12v24z\"><\/path><\/svg>\t\t\t<\/span>\n\t\t\t\t\t\t\t\t\t<span class=\"elementor-button-text\">Ulteriori informazioni <\/span>\n\t\t\t\t\t<\/span>\n\t\t\t\t\t<\/a>\n\t\t\t\t\t\t\t\t<\/div>\n\t\t\t\t<\/div>\n\t\t\t\t\t<\/div>\n\t\t\t\t<\/div>\n\t\t\t\t<\/div>\n\t\t","protected":false},"excerpt":{"rendered":"<p>Trattamento dell&#8217;acqua di piscina Per una piscina limpida e cristallina Trattamento dell&#8217;acqua di piscina Una bella piscina \u00e8 il risultato di numerosi fattori quali la posizione, i materiali con cui \u00e8 costruita, la sua forma e come quest\u2019ultima si armonizza con l\u2019ambiente circostante : Tuttavia ogni accorgimento estetico e architettonico sarebbe inutile se l\u2019acqua della [&hellip;]<\/p>\n","protected":false},"author":1,"featured_media":0,"parent":0,"menu_order":0,"comment_status":"closed","ping_status":"closed","template":"elementor_header_footer","meta":{"footnotes":""},"class_list":["post-1765","page","type-page","status-publish","hentry"],"_links":{"self":[{"href":"https:\/\/acquasport.it\/vendita-piscine\/wp-json\/wp\/v2\/pages\/1765","targetHints":{"allow":["GET"]}}],"collection":[{"href":"https:\/\/acquasport.it\/vendita-piscine\/wp-json\/wp\/v2\/pages"}],"about":[{"href":"https:\/\/acquasport.it\/vendita-piscine\/wp-json\/wp\/v2\/types\/page"}],"author":[{"embeddable":true,"href":"https:\/\/acquasport.it\/vendita-piscine\/wp-json\/wp\/v2\/users\/1"}],"replies":[{"embeddable":true,"href":"https:\/\/acquasport.it\/vendita-piscine\/wp-json\/wp\/v2\/comments?post=1765"}],"version-history":[{"count":7,"href":"https:\/\/acquasport.it\/vendita-piscine\/wp-json\/wp\/v2\/pages\/1765\/revisions"}],"predecessor-version":[{"id":1915,"href":"https:\/\/acquasport.it\/vendita-piscine\/wp-json\/wp\/v2\/pages\/1765\/revisions\/1915"}],"wp:attachment":[{"href":"https:\/\/acquasport.it\/vendita-piscine\/wp-json\/wp\/v2\/media?parent=1765"}],"curies":[{"name":"wp","href":"https:\/\/api.w.org\/{rel}","templated":true}]}}